{"id":2,"date":"2023-05-19T11:43:43","date_gmt":"2023-05-19T11:43:43","guid":{"rendered":"https:\/\/izmirescortportal.com\/?page_id=2"},"modified":"2024-04-01T06:28:53","modified_gmt":"2024-04-01T06:28:53","slug":"sample-page","status":"publish","type":"page","link":"https:\/\/izmirescortportal.com\/","title":{"rendered":"\u0130zmir Escort"},"content":{"rendered":"\r\n<p class=\"p1\">Ne kadar \u00f6derim korkusundan kurtulun. \u00d6zellikle zevkle alakal\u0131 yat\u0131r\u0131mlarda c\u00f6mert olman\u0131zda fayda var. Sonu\u00e7ta ama\u00e7 e\u011flenmek, hesap \u2013 kitap yaparken kimse asla ger\u00e7ekten e\u011flenemez. \u00dcstelik g\u00fczel bir <b>izmir escort bayan<\/b> sizi siz ne \u015fekilde isterseniz o \u015fekilde memnun ediyor, daha ne olsun? K\u0131sacas\u0131 e\u011fer cimriyseniz bu durumda bu tarz birliktelikleri ya\u015famamak sizin i\u00e7in daha iyi olacakt\u0131r.<\/p>\r\n<h2 class=\"p1\"><b>\u0130zmir Escort Nas\u0131l Bulunur?<\/b><\/h2>\r\n<p><img loading=\"lazy\" decoding=\"async\" class=\"size-full wp-image-9 aligncenter\" src=\"https:\/\/izmirescortportal.com\/wp-content\/uploads\/2023\/05\/izmir-escort.jpeg\" alt=\"\" width=\"500\" height=\"750\" srcset=\"https:\/\/izmirescortportal.com\/wp-content\/uploads\/2023\/05\/izmir-escort.jpeg 500w, https:\/\/izmirescortportal.com\/wp-content\/uploads\/2023\/05\/izmir-escort-200x300.jpeg 200w\" sizes=\"auto, (max-width: 500px) 100vw, 500px\" \/><\/p>\r\n<ul>\r\n<p>T\u00fcrkiye&#8217;deki Escortlar Hakk\u0131nda Genel Bilgi.<\/p>\r\n\r\n\t\r\n<p>T\u00fcrkiye&#8217;deki escortlar, genellikle b\u00fcy\u00fck \u015fehirlerde bulunmaktad\u0131r. <a rel=\"sponsored\" href=\"https:\/\/www.istanbultaksi.org\/\">istanbul escort<\/a> k\u0131zlar, genellikle m\u00fc\u015fterilerine e\u015flik etme, sosyal etkinliklere kat\u0131lma ve bazen de cinsel hizmetler sunma amac\u0131yla \u00e7al\u0131\u015fmaktad\u0131r..<\/p>\r\n\r\n<p>Hizmetler\r\n<p>Kaliteli ve unutulmaz bir deneyim sunma<\/p>\r\n<p>Farkl\u0131 etkinlikler ve sosyal ortamlarda e\u015flik etme<\/p>\r\n\t\r\n<p>M\u00fc\u015fterilerin tercihlerine ve beklentilerine uygun olarak geni\u015f bir fiziksel \u00f6zellik yelpazesi bulunmaktad\u0131r. <a rel=\"sponsored\" href=\"https:\/\/mecidiyekoyescortlari.com\/\">mecidiyek\u00f6y escort<\/a> \u0130\u015f yemekleri, toplant\u0131lar ve \u00f6zel davetlerde partnerlik hizmeti veren k\u0131zlard\u0131r.<\/p>\r\n\r\n<p>\u0130leti\u015fim<\/p>\r\n\r\n<p>E\u011fer bu tan\u0131t\u0131mda bahsedilen eskort bayan ile ileti\u015fime ge\u00e7mek isterseniz, Telefon numaras\u0131, Whatsapp, Telegram, Facebook bilgilerini kullanarak kendisine ula\u015fabilirsiniz.<\/p>\r\n\r\n<p>Hem yerli hem de yabanc\u0131 m\u00fc\u015fterilere hizmet vermektedir <a rel=\"sponsored\" href=\"https:\/\/isislives.com\/\">\u015fi\u015fli escort<\/a> bayanlar\u0131. Hizmetlerin gizlili\u011fini korumak i\u00e7in dikkatlidirler.<\/p>\r\n\r\n<p>Siz de kendinize uygun bir partner bulabilir ve unutulmaz an\u0131lar biriktirebilirsiniz. \u0130yi e\u011flenceler!<\/p>\r\n\r\n<p>Asla mesafe koymay\u0131n. <a rel=\"sponsored\" href=\"https:\/\/www.escort10.com\/\">ata\u015fehir escort<\/a> k\u0131zlar\u0131 S\u0131n\u0131rs\u0131z seks hizmeti veriyor.<\/p>\r\n\r\n\r\n<p>Kimi escortlar minyon tipli olup daha k\u00fc\u00e7\u00fck boyutlardayken, kimileri ise uzun boylu ve atletik yap\u0131dad\u0131r. <a rel=\"sponsored\" href=\"https:\/\/www.kaysericelik.com\">kayseri escort<\/a> k\u0131zlar\u0131 olduk\u00e7a \u00e7e\u015fitlidirler..<\/p>\r\n\r\n<p>M\u00fc\u015fterilerin do\u011fru escortu se\u00e7melerine yard\u0131mc\u0131 olacak kriterler <a rel=\"sponsored\" href=\"https:\/\/wipescort.com\/\">antalya escort<\/a> kad\u0131nlar i\u00e7in de ge\u00e7erlidir..<\/p>\r\n\r\n<p>Bodrum geceleri bir ba\u015fka, <a rel=\"sponsored\" href=\"https:\/\/basementescort.com\/\">bodrum escort<\/a> kad\u0131n olursa bir de yan\u0131n\u0131zda.<\/p>\r\n\r\n<p>7\/24 whatsapplar\u0131 a\u00e7\u0131k. sizlerin aray\u0131p randevu olu\u015fturman\u0131z\u0131 bekliyorlar. \u00f6zellikle hafta sonlar\u0131 1 g\u00fcn \u00f6nce rezervasyon yapt\u0131rmay\u0131 d\u00fc\u015f\u00fcnebilirsiniz.<\/p>\r\n\r\n<p>Ya\u015flar\u0131 genellikle 18 ila 35 ya\u015f aras\u0131nda de\u011fi\u015fen escortlar, deneyim ve olgunluk a\u00e7\u0131s\u0131ndan farkl\u0131l\u0131k g\u00f6sterir. <a rel=\"sponsored\" href=\"https:\/\/www.paraf.org\/\">esenyurt escort<\/a> kad\u0131nlar bu noktada \u00f6ne \u00e7\u0131karlar.<\/p>\r\n\r\n<p>Boy ve kilo gibi fiziksel \u00f6zellikler de olduk\u00e7a \u00e7e\u015fitlidir <a rel=\"sponsored\" href=\"https:\/\/www.alissa-escort.com\/\">taksim escort<\/a> kalitesi ve g\u00fcvenilirli\u011fi hakk\u0131nda fikir edinmeye yard\u0131mc\u0131 olabilir.<\/p>\r\n<\/ul>\r\n<p class=\"p1\">Buras\u0131 \u00f6zel bir mek\u00e2n! \u00c7\u00fcnk\u00fc buradaki kad\u0131nlar \u00f6zel. <b>izmir<\/b><b>\u00a0escort bayan siteleri<\/b> genelde gereksiz kalabal\u0131klarla doludur ama bizim sitemizde bu gibi bir durum s\u00f6z konusu de\u011fil, burada ilanlar tamamen ger\u00e7ek, sade ve kad\u0131nlar g\u00fczel. \u00dcstelik kad\u0131nlar g\u00f6r\u00fc\u015fmelerini sizlerle bireysel olarak ya\u015f\u0131yor k\u0131sacas\u0131 beyler sizden etkilenenler kad\u0131nlar ciddi anlamda uygun rakamlar alarak sizinle zaman ge\u00e7iriyor. E tabii bu gibi bir olay sizi memnun eder. \u00dcstelik burada seksi \u00f6yle her zaman ya\u015fad\u0131\u011f\u0131n\u0131z gibi ya\u015famak zorunda de\u011filsiniz, sitemizde bir s\u00fcr\u00fc \u00e7\u0131lg\u0131n var ve sizi \u00e7ok \u015fa\u015f\u0131rtabilir.<\/p>\r\n<h2 class=\"p1\">Ucuz ve Etkili <strong>\u0130zmir<\/strong> Escort Arkada\u015f Sinem<\/h2>\r\n<p class=\"p1\">Seks hayat\u0131m son derece faaldi\u2026 yine de <a href=\"https:\/\/izmirescortportal.com\/\"><b>izmir<\/b><b>\u00a0escort bayan<\/b><\/a> olmak bana ne katar her zaman merak ederdim. \u00c7\u00fcnk\u00fc seksi \u00e7\u0131lg\u0131nl\u0131klarla ya\u015famay\u0131 ger\u00e7ekten seviyorum. D\u00fc\u015f\u00fcn\u00fcrseniz e\u011fer partnerinizi ve ya\u015fanabilecekleri se\u00e7mek sizi de ekstra memnun eder, de\u011fil mi? \u0130\u015fte bu nedenle buraday\u0131m. Ben bu t\u00fcr g\u00f6r\u00fc\u015fmeleri her zaman \u00f6ncekilerden daha \u00e7\u0131lg\u0131n ve daha e\u011flenceli ya\u015fayabilmek i\u00e7in sizinle birlikte oluyorum.<\/p>\r\n<h3 class=\"p1\"><b>Kriterlerim,<\/b><\/h3>\r\n<p class=\"p1\">Arkada\u015f\u00e7a g\u00f6r\u00fc\u015fmeler ya\u015famay\u0131 seviyorum. Benim i\u00e7in sizinle dostane bir ba\u011f kurmak \u00f6nemlidir hatta hayat\u0131m a\u015fk tad\u0131nda arkada\u015fl\u0131klar\u0131 ya\u015famay\u0131 sevdi\u011fimi s\u00f6yleyebilirim. Zaten ben her zaman partnerlerimle aramda bedenen bir uyum olmas\u0131 gerekti\u011fine inan\u0131r\u0131m ama ayn\u0131 zamanda partnerimle aramda yine bir kafa uyumu da olmal\u0131d\u0131r. \u0130\u015fte bu nedenle <b>izmir<\/b><b>\u00a0escort bayan<\/b> sevi\u015fmelerimi seversiniz, size sadece kuru seks ya\u015fatmam, ger\u00e7ek bir sevi\u015fme deneyimi arma\u011fan ederim hem de ho\u015f bir sohbet e\u015fli\u011finde\u2026<\/p>\r\n<h3 class=\"p1\"><b>Kurallar\u0131m,<\/b><\/h3>\r\n<p><img loading=\"lazy\" decoding=\"async\" class=\"size-full wp-image-10 aligncenter\" src=\"https:\/\/izmirescortportal.com\/wp-content\/uploads\/2023\/05\/escort-izmir.jpeg\" alt=\"\" width=\"485\" height=\"750\" srcset=\"https:\/\/izmirescortportal.com\/wp-content\/uploads\/2023\/05\/escort-izmir.jpeg 485w, https:\/\/izmirescortportal.com\/wp-content\/uploads\/2023\/05\/escort-izmir-194x300.jpeg 194w\" sizes=\"auto, (max-width: 485px) 100vw, 485px\" \/><\/p>\r\n<p class=\"p1\">G\u00f6r\u00fc\u015fmelerimi kurallarla kirletmek istemiyorum, o an senden sadece prezervatif kullanman\u0131 isterim. Bu anlamda profesyonel davran\u0131r\u0131m ve bana \u201chay\u0131r\u201d diyenlere ben de hay\u0131r derim ama emin olabilirsin <b>izmir<\/b><b>\u00a0escort <\/b>bayan g\u00f6r\u00fc\u015fmelerim son derece \u00e7\u0131lg\u0131n ve c\u00fcretkard\u0131r. Hatta hayat\u0131m sana sa\u011flam bir oral seks deneyimi ya\u015fat\u0131r\u0131m ve sakso \u00e7ekerken senden kondom kullanman\u0131 asla istemem.<\/p>\r\n<h3 class=\"p1\"><b>Analla Da Seni \u00c7ok E\u011flendirebilirim!<\/b><\/h3>\r\n<p class=\"p1\">Anal seksi severim. <b>Anal yapan eskort bayan<\/b> olmam \u00f6ncesinde her zaman haz\u0131rlan\u0131r\u0131m. Ben grup sekslere ilgi duymam lakin teke tek seksleri olabildi\u011fince \u00e7\u0131lg\u0131n ya\u015far\u0131m. Hatta hayat\u0131m sizinle sevi\u015firken seks oyuncaklar\u0131 kulland\u0131rabilir \u2013 kullanabilirim. E\u011fer bu konu sizin i\u00e7in fazla sak\u0131ncal\u0131ysa o zaman sizi parmaklar\u0131mla da tatmin edebilirim\u2026 ne de olsa ben yetenekli bir kad\u0131n\u0131m, sizleri \u00e7\u0131lg\u0131nca fikirlerimle \u00e7ok e\u011flendirebilirim.<\/p>\r\n","protected":false},"excerpt":{"rendered":"<p>Ne kadar \u00f6derim korkusundan kurtulun. \u00d6zellikle zevkle alakal\u0131 yat\u0131r\u0131mlarda c\u00f6mert olman\u0131zda fayda var. Sonu\u00e7ta ama\u00e7 e\u011flenmek, hesap \u2013 kitap yaparken kimse asla ger\u00e7ekten e\u011flenemez. \u00dcstelik&#8230;<\/p>\n<div class=\"more-link-wrapper\"><a class=\"more-link\" href=\"https:\/\/izmirescortportal.com\/\">Devam\u0131n\u0131 okuyun<span class=\"screen-reader-text\">\u0130zmir Escort<\/span><\/a><\/div>\n","protected":false},"author":1,"featured_media":0,"parent":0,"menu_order":0,"comment_status":"closed","ping_status":"open","template":"","meta":{"footnotes":""},"class_list":["post-2","page","type-page","status-publish","hentry","entry"],"aioseo_notices":[],"_links":{"self":[{"href":"https:\/\/izmirescortportal.com\/index.php\/wp-json\/wp\/v2\/pages\/2","targetHints":{"allow":["GET"]}}],"collection":[{"href":"https:\/\/izmirescortportal.com\/index.php\/wp-json\/wp\/v2\/pages"}],"about":[{"href":"https:\/\/izmirescortportal.com\/index.php\/wp-json\/wp\/v2\/types\/page"}],"author":[{"embeddable":true,"href":"https:\/\/izmirescortportal.com\/index.php\/wp-json\/wp\/v2\/users\/1"}],"replies":[{"embeddable":true,"href":"https:\/\/izmirescortportal.com\/index.php\/wp-json\/wp\/v2\/comments?post=2"}],"version-history":[{"count":3,"href":"https:\/\/izmirescortportal.com\/index.php\/wp-json\/wp\/v2\/pages\/2\/revisions"}],"predecessor-version":[{"id":14,"href":"https:\/\/izmirescortportal.com\/index.php\/wp-json\/wp\/v2\/pages\/2\/revisions\/14"}],"wp:attachment":[{"href":"https:\/\/izmirescortportal.com\/index.php\/wp-json\/wp\/v2\/media?parent=2"}],"curies":[{"name":"wp","href":"https:\/\/api.w.org\/{rel}","templated":true}]}}